{"id":35417,"date":"2025-11-13T08:44:47","date_gmt":"2025-11-13T07:44:47","guid":{"rendered":"https:\/\/excellenceriviera.realestate\/?page_id=35417"},"modified":"2025-11-26T10:31:00","modified_gmt":"2025-11-26T09:31:00","slug":"informations-legales","status":"publish","type":"page","link":"https:\/\/excellenceriviera.realestate\/fr\/mentions-legales","title":{"rendered":"Mentions l\u00e9gales"},"content":{"rendered":"<h1 class=\"main-title\" style=\"text-align: left;\"><\/h1>\n<div class=\"main-text\" style=\"text-align: left;\">\n<p><em><strong>OBJET DU SITE <\/strong>:<\/em><\/p>\n<p><em>Excellence Riviera &#8211; Real Estate est une agence immobili\u00e8re sp\u00e9cialis\u00e9e dans la vente de villas de prestige dans le Golfe de Saint-Tropez, dans le Sud de la France.<\/em><\/p>\n<p><em>Pour toute question relative aux mentions l\u00e9gales, \u00e0 la protection de vos donn\u00e9es ou \u00e0 l\u2019utilisation de ce site, vous pouvez nous contacter directement via les coordonn\u00e9es indiqu\u00e9es ci-dessous.<\/em><\/p>\n<p>&nbsp;<\/p>\n<p><em><b><strong>\u00c9<\/strong>DITEUR <\/b>:<\/em><\/p>\n<p><em>EXCELLENCE VILLA RENTAL (op\u00e9rant sous la marque Excellence Real Estate)<\/em><\/p>\n<p><em>Soci\u00e9t\u00e9 par actions simplifi\u00e9e (SAS) au capital social de 2.500 euros<\/em><\/p>\n<p><em>Si\u00e8ge social : 9, Boulevard Louis Blanc, 83990 Saint-Tropez, France<\/em><\/p>\n<p><em>SIREN : 918 119 058<\/em><\/p>\n<p><em>RCS Fr\u00e9jus<\/em><\/p>\n<p><em>Num\u00e9ro de TVA intracommunautaire : FR88918119058<\/em><\/p>\n<p><em>Code APE : 68.31Z (Agences immobili\u00e8res)<\/em><\/p>\n<p><em>Carte professionnelle : \u00ab Transaction sur immeubles et fonds de commerce &amp; Gestion immobili\u00e8re \u00bb n\u00b0CPI 8304 2022 000 000 034, d\u00e9livr\u00e9e par la CCI du Var<\/em><\/p>\n<p><em>Garantie financi\u00e8re d\u2019un montant de 720 000 \u20ac \u00e9mise par Galian<\/em><\/p>\n<p>&nbsp;<\/p>\n<p><em><strong>DIRECTEUR DE LA PUBLICATION ET DE LA R\u00c9DACTION :<\/strong><\/em><\/p>\n<p><em>Monsieur Tom Saas<\/em><\/p>\n<p><em>Pr\u00e9sident de la SAS EXCELLENCE VILLA RENTAL<\/em><\/p>\n<p><em>Email : admin@excellenceriviera.com<\/em><\/p>\n<p>&nbsp;<\/p>\n<p><em><strong>CONCEPTION ET R\u00c9ALISATION :<\/strong><\/em><\/p>\n<p><em>EXCELLENCE<\/em><\/p>\n<p><em>Soci\u00e9t\u00e9 par actions simplifi\u00e9e unipersonnelle (SASU) au capital social de 7.500 euros<\/em><\/p>\n<p><em>Si\u00e8ge social : 9, Boulevard Louis Blanc, 83990 Saint-Tropez, France<\/em><\/p>\n<p><em>N\u00b0 SIREN : 829 590 918<\/em><\/p>\n<p><em>RCS Fr\u00e9jus<\/em><\/p>\n<p><em>N\u00b0 TVA intracommunautaire : FR19829590918<\/em><\/p>\n<p><em>Code APE : 79.11Z (Activit\u00e9s des agences de voyage)<\/em><\/p>\n<p><em>Pr\u00e9sident : Antoine Rateau<\/em><\/p>\n<p>&nbsp;<\/p>\n<p><em><strong>H\u00c9BERGEMENT<\/strong>\u00a0:<\/em><\/p>\n<p><em>GANDI<\/em><\/p>\n<p><em>Soci\u00e9t\u00e9 par actions simplifi\u00e9e (SAS) au capital social de 630.000 euros<\/em><\/p>\n<p><em>Si\u00e8ge social : 63-65 Boulevard Mass\u00e9na, 75013 Paris, France<\/em><\/p>\n<p><em>N\u00b0 SIREN : 423 093 459<\/em><\/p>\n<p><em>RCS Paris<\/em><\/p>\n<p><em>Website : <a href=\"https:\/\/www.gandi.net\/fr\/\" target=\"_blank\" rel=\"noopener\">www.gandi.net<\/a><\/em><\/p>\n<\/div>\n<p>&nbsp;<\/p>\n<p style=\"text-align: left;\"><em><strong>PROPRI\u00c9T\u00c9 INTELLECTUELLE :<\/strong><\/em><\/p>\n<p style=\"text-align: left;\"><em>L\u2019ensemble des \u00e9l\u00e9ments pr\u00e9sents sur ce site (textes, contenus, graphismes, logos, visuels, photographies, vid\u00e9os, structure g\u00e9n\u00e9rale, code, etc.) est la propri\u00e9t\u00e9 exclusive d\u2019Excellence ou fait l\u2019objet d\u2019une licence d\u2019utilisation.<\/em><\/p>\n<p style=\"text-align: left;\"><em>Toute reproduction, repr\u00e9sentation, modification ou diffusion, totale ou partielle, sans autorisation \u00e9crite pr\u00e9alable est strictement interdite et constitue une contrefa\u00e7on au sens des articles L.335-2 et suivants du Code de la propri\u00e9t\u00e9 intellectuelle.<\/em><\/p>\n<p>&nbsp;<\/p>\n<p style=\"text-align: left;\"><em><strong>RESPONSABIL<\/strong><strong>IT\u00c9 :<\/strong>\u00a0<\/em><\/p>\n<p style=\"text-align: left;\"><em>Excellence Real Estate s\u2019efforce d\u2019assurer l\u2019exactitude et la mise \u00e0 jour des informations diffus\u00e9es sur ce site. Toutefois, nous ne pouvons garantir l\u2019absence d\u2019erreurs typographiques, d\u2019omissions ou d\u2019informations obsol\u00e8tes.<\/em><\/p>\n<p style=\"text-align: left;\"><em>Les photos, descriptions et informations relatives aux biens immobiliers sont fournies \u00e0 titre indicatif et n\u2019ont pas de valeur contractuelle. Les prix, disponibilit\u00e9s et caract\u00e9ristiques peuvent \u00eatre modifi\u00e9s sans pr\u00e9avis.<\/em><\/p>\n<p style=\"text-align: left;\"><em>Excellence Real Estate ne saurait \u00eatre tenue responsable :<\/em><\/p>\n<ul style=\"text-align: left;\">\n<li><em>de l\u2019utilisation faite du site par l\u2019utilisateur ;<\/em><\/li>\n<li><em>de tout dommage direct ou indirect r\u00e9sultant de l\u2019acc\u00e8s ou de l\u2019impossibilit\u00e9 d\u2019acc\u00e8s au site ;<\/em><\/li>\n<li><em>du contenu des sites tiers auxquels le site pourrait renvoyer.<\/em><\/li>\n<\/ul>\n<p>&nbsp;<\/p>\n<p style=\"text-align: left;\"><em><strong>PROTECTION DES DONN\u00c9ES PERSONNELLES (RGPD)<\/strong><\/em><\/p>\n<p style=\"text-align: left;\"><em>Conform\u00e9ment au R\u00e8glement G\u00e9n\u00e9ral sur la Protection des Donn\u00e9es (RGPD) et \u00e0 la loi Informatique et Libert\u00e9s, Excellence Real Estate collecte et traite des donn\u00e9es personnelles dans le cadre :<\/em><\/p>\n<ul style=\"text-align: left;\">\n<li><em>des demandes de contact ;<\/em><\/li>\n<li><em>des demandes d\u2019estimation ;<\/em><\/li>\n<li><em>des demandes d\u2019informations ;<\/em><\/li>\n<li><em>de l\u2019inscription \u00e0 la newsletter.<\/em><\/li>\n<\/ul>\n<p style=\"text-align: left;\"><em>Vos donn\u00e9es ne sont ni vendues ni transmises \u00e0 des tiers, sauf lorsque cela est n\u00e9cessaire \u00e0 la bonne ex\u00e9cution d\u2019un service (ex : prise de rendez-vous, traitement d\u2019un dossier immobilier, \u00e9tablissement d\u2019un contrat).<\/em><\/p>\n<p style=\"text-align: left;\"><em>Vous disposez d\u2019un droit d\u2019acc\u00e8s, de rectification, d\u2019opposition, de portabilit\u00e9, de limitation du traitement et de suppression de vos donn\u00e9es.<\/em><br \/>\n<em>Pour exercer vos droits : admin@excellenceriviera.com<\/em><\/p>\n<p>&nbsp;<\/p>\n<p style=\"text-align: left;\"><em><strong>COOKIES<\/strong><\/em><\/p>\n<p style=\"text-align: left;\"><em>Ce site peut utiliser des cookies destin\u00e9s \u00e0 :<\/em><\/p>\n<ul style=\"text-align: left;\">\n<li><em>am\u00e9liorer la navigation ;<\/em><\/li>\n<li><em>mesurer l\u2019audience du site ;<\/em><\/li>\n<li><em>personnaliser l\u2019exp\u00e9rience utilisateur ;<\/em><\/li>\n<li><em>faciliter certaines fonctionnalit\u00e9s techniques.<\/em><\/li>\n<\/ul>\n<p style=\"text-align: left;\"><em>Vous pouvez g\u00e9rer vos pr\u00e9f\u00e9rences ou d\u00e9sactiver les cookies \u00e0 tout moment depuis votre navigateur.<\/em><\/p>\n<p>&nbsp;<\/p>\n<p style=\"text-align: left;\"><em><strong>DROIT APPLICABLE<\/strong><\/em><\/p>\n<p style=\"text-align: left;\"><em>Le site et ses mentions l\u00e9gales sont soumis au droit fran\u00e7ais.<\/em><br \/>\n<em>En cas de litige, et faute de r\u00e9solution amiable, les tribunaux fran\u00e7ais seront seuls comp\u00e9tents.<\/em><\/p>\n","protected":false},"excerpt":{"rendered":"<p>OBJET DU SITE : Excellence Riviera &#8211; Real Estate est une agence immobili\u00e8re sp\u00e9cialis\u00e9e dans la vente de villas de prestige dans le Golfe de Saint-Tropez, dans le Sud de la France. Pour toute question relative aux mentions l\u00e9gales, \u00e0 la protection de vos donn\u00e9es ou \u00e0 l\u2019utilisation de ce site, vous pouvez nous contacter&#8230;<\/p>\n","protected":false},"author":12,"featured_media":0,"parent":0,"menu_order":0,"comment_status":"closed","ping_status":"closed","template":"","meta":{"_acf_changed":false,"footnotes":""},"class_list":["post-35417","page","type-page","status-publish"],"acf":[],"yoast_head":"<!-- This site is optimized with the Yoast SEO plugin v27.3 - https:\/\/yoast.com\/product\/yoast-seo-wordpress\/ -->\n<title>Mentions l\u00e9gales \u2022 Excellence Real Estate<\/title>\n<meta name=\"robots\" content=\"noindex, follow\" \/>\n<meta property=\"og:locale\" content=\"fr_FR\" \/>\n<meta property=\"og:type\" content=\"article\" \/>\n<meta property=\"og:title\" content=\"Mentions l\u00e9gales \u2022 Excellence Real Estate\" \/>\n<meta property=\"og:description\" content=\"OBJET DU SITE : Excellence Riviera &#8211; Real Estate est une agence immobili\u00e8re sp\u00e9cialis\u00e9e dans la vente de villas de prestige dans le Golfe de Saint-Tropez, dans le Sud de la France. Pour toute question relative aux mentions l\u00e9gales, \u00e0 la protection de vos donn\u00e9es ou \u00e0 l\u2019utilisation de ce site, vous pouvez nous contacter...\" \/>\n<meta property=\"og:url\" content=\"https:\/\/excellenceriviera.realestate\/fr\/mentions-legales\" \/>\n<meta property=\"og:site_name\" content=\"Excellence Real Estate\" \/>\n<meta property=\"article:publisher\" content=\"https:\/\/www.facebook.com\/ExcellenceSaintTropez\/\" \/>\n<meta property=\"article:modified_time\" content=\"2025-11-26T09:31:00+00:00\" \/>\n<meta name=\"twitter:card\" content=\"summary_large_image\" \/>\n<meta name=\"twitter:label1\" content=\"Dur\u00e9e de lecture estim\u00e9e\" \/>\n\t<meta name=\"twitter:data1\" content=\"3 minutes\" \/>\n<!-- \/ Yoast SEO plugin. -->","yoast_head_json":{"title":"Mentions l\u00e9gales \u2022 Excellence Real Estate","robots":{"index":"noindex","follow":"follow"},"og_locale":"fr_FR","og_type":"article","og_title":"Mentions l\u00e9gales \u2022 Excellence Real Estate","og_description":"OBJET DU SITE : Excellence Riviera &#8211; Real Estate est une agence immobili\u00e8re sp\u00e9cialis\u00e9e dans la vente de villas de prestige dans le Golfe de Saint-Tropez, dans le Sud de la France. Pour toute question relative aux mentions l\u00e9gales, \u00e0 la protection de vos donn\u00e9es ou \u00e0 l\u2019utilisation de ce site, vous pouvez nous contacter...","og_url":"https:\/\/excellenceriviera.realestate\/fr\/mentions-legales","og_site_name":"Excellence Real Estate","article_publisher":"https:\/\/www.facebook.com\/ExcellenceSaintTropez\/","article_modified_time":"2025-11-26T09:31:00+00:00","twitter_card":"summary_large_image","twitter_misc":{"Dur\u00e9e de lecture estim\u00e9e":"3 minutes"},"schema":{"@context":"https:\/\/schema.org","@graph":[{"@type":"WebPage","@id":"https:\/\/excellenceriviera.realestate\/fr\/mentions-legales","url":"https:\/\/excellenceriviera.realestate\/fr\/mentions-legales","name":"Mentions l\u00e9gales \u2022 Excellence Real Estate","isPartOf":{"@id":"https:\/\/excellenceriviera.realestate\/fr\/#website"},"datePublished":"2025-11-13T07:44:47+00:00","dateModified":"2025-11-26T09:31:00+00:00","breadcrumb":{"@id":"https:\/\/excellenceriviera.realestate\/fr\/mentions-legales#breadcrumb"},"inLanguage":"fr-FR","potentialAction":[{"@type":"ReadAction","target":["https:\/\/excellenceriviera.realestate\/fr\/mentions-legales"]}]},{"@type":"BreadcrumbList","@id":"https:\/\/excellenceriviera.realestate\/fr\/mentions-legales#breadcrumb","itemListElement":[{"@type":"ListItem","position":1,"name":"Home","item":"https:\/\/excellenceriviera.realestate\/fr"},{"@type":"ListItem","position":2,"name":"Mentions l\u00e9gales"}]},{"@type":"WebSite","@id":"https:\/\/excellenceriviera.realestate\/fr\/#website","url":"https:\/\/excellenceriviera.realestate\/fr\/","name":"Excellence Riviera \u2013 Real Estate","description":"Luxury Real Estate in the Gulf of Saint-Tropez","publisher":{"@id":"https:\/\/excellenceriviera.realestate\/fr\/#organization"},"potentialAction":[{"@type":"SearchAction","target":{"@type":"EntryPoint","urlTemplate":"https:\/\/excellenceriviera.realestate\/fr\/?s={search_term_string}"},"query-input":{"@type":"PropertyValueSpecification","valueRequired":true,"valueName":"search_term_string"}}],"inLanguage":"fr-FR"},{"@type":"Organization","@id":"https:\/\/excellenceriviera.realestate\/fr\/#organization","name":"Excellence Riviera \u2013 Real Estate","url":"https:\/\/excellenceriviera.realestate\/fr\/","logo":{"@type":"ImageObject","inLanguage":"fr-FR","@id":"https:\/\/excellenceriviera.realestate\/fr\/#\/schema\/logo\/image\/","url":"https:\/\/excellenceriviera.realestate\/wp-content\/uploads\/2025\/11\/Logo-Excellence-Real-Estate-Mobile.png","contentUrl":"https:\/\/excellenceriviera.realestate\/wp-content\/uploads\/2025\/11\/Logo-Excellence-Real-Estate-Mobile.png","width":300,"height":63,"caption":"Excellence Riviera \u2013 Real Estate"},"image":{"@id":"https:\/\/excellenceriviera.realestate\/fr\/#\/schema\/logo\/image\/"},"sameAs":["https:\/\/www.facebook.com\/ExcellenceSaintTropez\/","https:\/\/www.instagram.com\/excellenceriviera\/","https:\/\/www.linkedin.com\/company\/excellence-riviera-courchevel\/"]}]}},"_links":{"self":[{"href":"https:\/\/excellenceriviera.realestate\/fr\/wp-json\/wp\/v2\/pages\/35417","targetHints":{"allow":["GET"]}}],"collection":[{"href":"https:\/\/excellenceriviera.realestate\/fr\/wp-json\/wp\/v2\/pages"}],"about":[{"href":"https:\/\/excellenceriviera.realestate\/fr\/wp-json\/wp\/v2\/types\/page"}],"author":[{"embeddable":true,"href":"https:\/\/excellenceriviera.realestate\/fr\/wp-json\/wp\/v2\/users\/12"}],"replies":[{"embeddable":true,"href":"https:\/\/excellenceriviera.realestate\/fr\/wp-json\/wp\/v2\/comments?post=35417"}],"version-history":[{"count":0,"href":"https:\/\/excellenceriviera.realestate\/fr\/wp-json\/wp\/v2\/pages\/35417\/revisions"}],"wp:attachment":[{"href":"https:\/\/excellenceriviera.realestate\/fr\/wp-json\/wp\/v2\/media?parent=35417"}],"curies":[{"name":"wp","href":"https:\/\/api.w.org\/{rel}","templated":true}]}}