{"id":32844,"date":"2025-09-22T11:10:06","date_gmt":"2025-09-22T09:10:06","guid":{"rendered":"https:\/\/excellenceriviera.realestate\/vendre"},"modified":"2025-11-26T10:39:40","modified_gmt":"2025-11-26T09:39:40","slug":"vendre","status":"publish","type":"page","link":"https:\/\/excellenceriviera.realestate\/fr\/vendre","title":{"rendered":"Vendre"},"content":{"rendered":"","protected":false},"excerpt":{"rendered":"","protected":false},"author":12,"featured_media":35201,"parent":0,"menu_order":0,"comment_status":"closed","ping_status":"closed","template":"template-sell.php","meta":{"_acf_changed":false,"footnotes":""},"class_list":["post-32844","page","type-page","status-publish","has-post-thumbnail"],"acf":[],"yoast_head":"<!-- This site is optimized with the Yoast SEO plugin v27.3 - https:\/\/yoast.com\/product\/yoast-seo-wordpress\/ -->\n<title>Vendez votre propri\u00e9t\u00e9 dans le Golfe de Saint-Tropez \u2022 Excellence Real Estate<\/title>\n<meta name=\"description\" content=\"Vendez votre propri\u00e9t\u00e9 dans le Golfe de Saint-Tropez et maximisez sa valeur gr\u00e2ce \u00e0 une \u00e9valuation experte, un marketing exclusif et une totale discr\u00e9tion.\" \/>\n<meta name=\"robots\" content=\"index, follow, max-snippet:-1, max-image-preview:large, max-video-preview:-1\" \/>\n<link rel=\"canonical\" href=\"https:\/\/excellenceriviera.realestate\/fr\/vendre\" \/>\n<meta property=\"og:locale\" content=\"fr_FR\" \/>\n<meta property=\"og:type\" content=\"article\" \/>\n<meta property=\"og:title\" content=\"Vendez votre propri\u00e9t\u00e9 dans le Golfe de Saint-Tropez \u2022 Excellence Real Estate\" \/>\n<meta property=\"og:description\" content=\"Vendez votre propri\u00e9t\u00e9 dans le Golfe de Saint-Tropez et maximisez sa valeur gr\u00e2ce \u00e0 une \u00e9valuation experte, un marketing exclusif et une totale discr\u00e9tion.\" \/>\n<meta property=\"og:url\" content=\"https:\/\/excellenceriviera.realestate\/fr\/vendre\" \/>\n<meta property=\"og:site_name\" content=\"Excellence Real Estate\" \/>\n<meta property=\"article:publisher\" content=\"https:\/\/www.facebook.com\/ExcellenceSaintTropez\/\" \/>\n<meta property=\"article:modified_time\" content=\"2025-11-26T09:39:40+00:00\" \/>\n<meta property=\"og:image\" content=\"https:\/\/excellenceriviera.realestate\/wp-content\/uploads\/2025\/11\/Sell-Your-Villa-Or-Land.jpg\" \/>\n\t<meta property=\"og:image:width\" content=\"1755\" \/>\n\t<meta property=\"og:image:height\" content=\"402\" \/>\n\t<meta property=\"og:image:type\" content=\"image\/jpeg\" \/>\n<meta name=\"twitter:card\" content=\"summary_large_image\" \/>\n<meta name=\"twitter:label1\" content=\"Dur\u00e9e de lecture estim\u00e9e\" \/>\n\t<meta name=\"twitter:data1\" content=\"1 minute\" \/>\n<!-- \/ Yoast SEO plugin. -->","yoast_head_json":{"title":"Vendez votre propri\u00e9t\u00e9 dans le Golfe de Saint-Tropez \u2022 Excellence Real Estate","description":"Vendez votre propri\u00e9t\u00e9 dans le Golfe de Saint-Tropez et maximisez sa valeur gr\u00e2ce \u00e0 une \u00e9valuation experte, un marketing exclusif et une totale discr\u00e9tion.","robots":{"index":"index","follow":"follow","max-snippet":"max-snippet:-1","max-image-preview":"max-image-preview:large","max-video-preview":"max-video-preview:-1"},"canonical":"https:\/\/excellenceriviera.realestate\/fr\/vendre","og_locale":"fr_FR","og_type":"article","og_title":"Vendez votre propri\u00e9t\u00e9 dans le Golfe de Saint-Tropez \u2022 Excellence Real Estate","og_description":"Vendez votre propri\u00e9t\u00e9 dans le Golfe de Saint-Tropez et maximisez sa valeur gr\u00e2ce \u00e0 une \u00e9valuation experte, un marketing exclusif et une totale discr\u00e9tion.","og_url":"https:\/\/excellenceriviera.realestate\/fr\/vendre","og_site_name":"Excellence Real Estate","article_publisher":"https:\/\/www.facebook.com\/ExcellenceSaintTropez\/","article_modified_time":"2025-11-26T09:39:40+00:00","og_image":[{"width":1755,"height":402,"url":"https:\/\/excellenceriviera.realestate\/wp-content\/uploads\/2025\/11\/Sell-Your-Villa-Or-Land.jpg","type":"image\/jpeg"}],"twitter_card":"summary_large_image","twitter_misc":{"Dur\u00e9e de lecture estim\u00e9e":"1 minute"},"schema":{"@context":"https:\/\/schema.org","@graph":[{"@type":"WebPage","@id":"https:\/\/excellenceriviera.realestate\/fr\/vendre","url":"https:\/\/excellenceriviera.realestate\/fr\/vendre","name":"Vendez votre propri\u00e9t\u00e9 dans le Golfe de Saint-Tropez \u2022 Excellence Real Estate","isPartOf":{"@id":"https:\/\/excellenceriviera.realestate\/fr\/#website"},"primaryImageOfPage":{"@id":"https:\/\/excellenceriviera.realestate\/fr\/vendre#primaryimage"},"image":{"@id":"https:\/\/excellenceriviera.realestate\/fr\/vendre#primaryimage"},"thumbnailUrl":"https:\/\/excellenceriviera.realestate\/wp-content\/uploads\/2025\/11\/Sell-Your-Villa-Or-Land.jpg","datePublished":"2025-09-22T09:10:06+00:00","dateModified":"2025-11-26T09:39:40+00:00","description":"Vendez votre propri\u00e9t\u00e9 dans le Golfe de Saint-Tropez et maximisez sa valeur gr\u00e2ce \u00e0 une \u00e9valuation experte, un marketing exclusif et une totale discr\u00e9tion.","breadcrumb":{"@id":"https:\/\/excellenceriviera.realestate\/fr\/vendre#breadcrumb"},"inLanguage":"fr-FR","potentialAction":[{"@type":"ReadAction","target":["https:\/\/excellenceriviera.realestate\/fr\/vendre"]}]},{"@type":"ImageObject","inLanguage":"fr-FR","@id":"https:\/\/excellenceriviera.realestate\/fr\/vendre#primaryimage","url":"https:\/\/excellenceriviera.realestate\/wp-content\/uploads\/2025\/11\/Sell-Your-Villa-Or-Land.jpg","contentUrl":"https:\/\/excellenceriviera.realestate\/wp-content\/uploads\/2025\/11\/Sell-Your-Villa-Or-Land.jpg","width":1755,"height":402,"caption":"Vendez Votre Villa Ou Terrain Dans Le Golfe De Saint-Tropez"},{"@type":"BreadcrumbList","@id":"https:\/\/excellenceriviera.realestate\/fr\/vendre#breadcrumb","itemListElement":[{"@type":"ListItem","position":1,"name":"Home","item":"https:\/\/excellenceriviera.realestate\/fr"},{"@type":"ListItem","position":2,"name":"Vendre"}]},{"@type":"WebSite","@id":"https:\/\/excellenceriviera.realestate\/fr\/#website","url":"https:\/\/excellenceriviera.realestate\/fr\/","name":"Excellence Riviera \u2013 Real Estate","description":"Luxury Real Estate in the Gulf of Saint-Tropez","publisher":{"@id":"https:\/\/excellenceriviera.realestate\/fr\/#organization"},"potentialAction":[{"@type":"SearchAction","target":{"@type":"EntryPoint","urlTemplate":"https:\/\/excellenceriviera.realestate\/fr\/?s={search_term_string}"},"query-input":{"@type":"PropertyValueSpecification","valueRequired":true,"valueName":"search_term_string"}}],"inLanguage":"fr-FR"},{"@type":"Organization","@id":"https:\/\/excellenceriviera.realestate\/fr\/#organization","name":"Excellence Riviera \u2013 Real Estate","url":"https:\/\/excellenceriviera.realestate\/fr\/","logo":{"@type":"ImageObject","inLanguage":"fr-FR","@id":"https:\/\/excellenceriviera.realestate\/fr\/#\/schema\/logo\/image\/","url":"https:\/\/excellenceriviera.realestate\/wp-content\/uploads\/2025\/11\/Logo-Excellence-Real-Estate-Mobile.png","contentUrl":"https:\/\/excellenceriviera.realestate\/wp-content\/uploads\/2025\/11\/Logo-Excellence-Real-Estate-Mobile.png","width":300,"height":63,"caption":"Excellence Riviera \u2013 Real Estate"},"image":{"@id":"https:\/\/excellenceriviera.realestate\/fr\/#\/schema\/logo\/image\/"},"sameAs":["https:\/\/www.facebook.com\/ExcellenceSaintTropez\/","https:\/\/www.instagram.com\/excellenceriviera\/","https:\/\/www.linkedin.com\/company\/excellence-riviera-courchevel\/"]}]}},"_links":{"self":[{"href":"https:\/\/excellenceriviera.realestate\/fr\/wp-json\/wp\/v2\/pages\/32844","targetHints":{"allow":["GET"]}}],"collection":[{"href":"https:\/\/excellenceriviera.realestate\/fr\/wp-json\/wp\/v2\/pages"}],"about":[{"href":"https:\/\/excellenceriviera.realestate\/fr\/wp-json\/wp\/v2\/types\/page"}],"author":[{"embeddable":true,"href":"https:\/\/excellenceriviera.realestate\/fr\/wp-json\/wp\/v2\/users\/12"}],"replies":[{"embeddable":true,"href":"https:\/\/excellenceriviera.realestate\/fr\/wp-json\/wp\/v2\/comments?post=32844"}],"version-history":[{"count":0,"href":"https:\/\/excellenceriviera.realestate\/fr\/wp-json\/wp\/v2\/pages\/32844\/revisions"}],"wp:featuredmedia":[{"embeddable":true,"href":"https:\/\/excellenceriviera.realestate\/fr\/wp-json\/wp\/v2\/media\/35201"}],"wp:attachment":[{"href":"https:\/\/excellenceriviera.realestate\/fr\/wp-json\/wp\/v2\/media?parent=32844"}],"curies":[{"name":"wp","href":"https:\/\/api.w.org\/{rel}","templated":true}]}}