{"id":14787,"date":"2021-04-26T16:38:02","date_gmt":"2021-04-26T14:38:02","guid":{"rendered":"https:\/\/excellenceriviera.projestic.com\/?page_id=14787"},"modified":"2025-12-10T15:51:51","modified_gmt":"2025-12-10T14:51:51","slug":"a-propos","status":"publish","type":"page","link":"https:\/\/excellenceriviera.realestate\/fr\/a-propos","title":{"rendered":"A propos"},"content":{"rendered":"","protected":false},"excerpt":{"rendered":"","protected":false},"author":12,"featured_media":32903,"parent":0,"menu_order":0,"comment_status":"closed","ping_status":"closed","template":"template-about.php","meta":{"_acf_changed":false,"footnotes":""},"class_list":["post-14787","page","type-page","status-publish","has-post-thumbnail"],"acf":[],"yoast_head":"<!-- This site is optimized with the Yoast SEO plugin v27.3 - https:\/\/yoast.com\/product\/yoast-seo-wordpress\/ -->\n<title>A propos \u2022 Excellence Real Estate<\/title>\n<meta name=\"description\" content=\"D\u00e9couvrez l\u2019histoire d\u2019Excellence Real Estate, agence immobili\u00e8re de luxe de r\u00e9f\u00e9rence dans le golfe de Saint-Tropez.\" \/>\n<meta name=\"robots\" content=\"index, follow, max-snippet:-1, max-image-preview:large, max-video-preview:-1\" \/>\n<link rel=\"canonical\" href=\"https:\/\/excellenceriviera.realestate\/fr\/a-propos\" \/>\n<meta property=\"og:locale\" content=\"fr_FR\" \/>\n<meta property=\"og:type\" content=\"article\" \/>\n<meta property=\"og:title\" content=\"A propos \u2022 Excellence Real Estate\" \/>\n<meta property=\"og:description\" content=\"D\u00e9couvrez l\u2019histoire d\u2019Excellence Real Estate, agence immobili\u00e8re de luxe de r\u00e9f\u00e9rence dans le golfe de Saint-Tropez.\" \/>\n<meta property=\"og:url\" content=\"https:\/\/excellenceriviera.realestate\/fr\/a-propos\" \/>\n<meta property=\"og:site_name\" content=\"Excellence Real Estate\" \/>\n<meta property=\"article:publisher\" content=\"https:\/\/www.facebook.com\/ExcellenceSaintTropez\/\" \/>\n<meta property=\"article:modified_time\" content=\"2025-12-10T14:51:51+00:00\" \/>\n<meta property=\"og:image\" content=\"https:\/\/excellenceriviera.realestate\/wp-content\/uploads\/2025\/09\/Photo-Team-Excellence-Riviera-2025.webp\" \/>\n\t<meta property=\"og:image:width\" content=\"1000\" \/>\n\t<meta property=\"og:image:height\" content=\"1500\" \/>\n\t<meta property=\"og:image:type\" content=\"image\/webp\" \/>\n<meta name=\"twitter:card\" content=\"summary_large_image\" \/>\n<meta name=\"twitter:label1\" content=\"Dur\u00e9e de lecture estim\u00e9e\" \/>\n\t<meta name=\"twitter:data1\" content=\"1 minute\" \/>\n<!-- \/ Yoast SEO plugin. -->","yoast_head_json":{"title":"A propos \u2022 Excellence Real Estate","description":"D\u00e9couvrez l\u2019histoire d\u2019Excellence Real Estate, agence immobili\u00e8re de luxe de r\u00e9f\u00e9rence dans le golfe de Saint-Tropez.","robots":{"index":"index","follow":"follow","max-snippet":"max-snippet:-1","max-image-preview":"max-image-preview:large","max-video-preview":"max-video-preview:-1"},"canonical":"https:\/\/excellenceriviera.realestate\/fr\/a-propos","og_locale":"fr_FR","og_type":"article","og_title":"A propos \u2022 Excellence Real Estate","og_description":"D\u00e9couvrez l\u2019histoire d\u2019Excellence Real Estate, agence immobili\u00e8re de luxe de r\u00e9f\u00e9rence dans le golfe de Saint-Tropez.","og_url":"https:\/\/excellenceriviera.realestate\/fr\/a-propos","og_site_name":"Excellence Real Estate","article_publisher":"https:\/\/www.facebook.com\/ExcellenceSaintTropez\/","article_modified_time":"2025-12-10T14:51:51+00:00","og_image":[{"width":1000,"height":1500,"url":"https:\/\/excellenceriviera.realestate\/wp-content\/uploads\/2025\/09\/Photo-Team-Excellence-Riviera-2025.webp","type":"image\/webp"}],"twitter_card":"summary_large_image","twitter_misc":{"Dur\u00e9e de lecture estim\u00e9e":"1 minute"},"schema":{"@context":"https:\/\/schema.org","@graph":[{"@type":["WebPage","AboutPage"],"@id":"https:\/\/excellenceriviera.realestate\/fr\/a-propos","url":"https:\/\/excellenceriviera.realestate\/fr\/a-propos","name":"A propos \u2022 Excellence Real Estate","isPartOf":{"@id":"https:\/\/excellenceriviera.realestate\/fr\/#website"},"primaryImageOfPage":{"@id":"https:\/\/excellenceriviera.realestate\/fr\/a-propos#primaryimage"},"image":{"@id":"https:\/\/excellenceriviera.realestate\/fr\/a-propos#primaryimage"},"thumbnailUrl":"https:\/\/excellenceriviera.realestate\/wp-content\/uploads\/2025\/09\/Photo-Team-Excellence-Riviera-2025.webp","datePublished":"2021-04-26T14:38:02+00:00","dateModified":"2025-12-10T14:51:51+00:00","description":"D\u00e9couvrez l\u2019histoire d\u2019Excellence Real Estate, agence immobili\u00e8re de luxe de r\u00e9f\u00e9rence dans le golfe de Saint-Tropez.","breadcrumb":{"@id":"https:\/\/excellenceriviera.realestate\/fr\/a-propos#breadcrumb"},"inLanguage":"fr-FR","potentialAction":[{"@type":"ReadAction","target":["https:\/\/excellenceriviera.realestate\/fr\/a-propos"]}]},{"@type":"ImageObject","inLanguage":"fr-FR","@id":"https:\/\/excellenceriviera.realestate\/fr\/a-propos#primaryimage","url":"https:\/\/excellenceriviera.realestate\/wp-content\/uploads\/2025\/09\/Photo-Team-Excellence-Riviera-2025.webp","contentUrl":"https:\/\/excellenceriviera.realestate\/wp-content\/uploads\/2025\/09\/Photo-Team-Excellence-Riviera-2025.webp","width":1000,"height":1500,"caption":"Photo de l'\u00e9quipe derri\u00e8re Excellence"},{"@type":"BreadcrumbList","@id":"https:\/\/excellenceriviera.realestate\/fr\/a-propos#breadcrumb","itemListElement":[{"@type":"ListItem","position":1,"name":"Home","item":"https:\/\/excellenceriviera.realestate\/fr"},{"@type":"ListItem","position":2,"name":"A propos"}]},{"@type":"WebSite","@id":"https:\/\/excellenceriviera.realestate\/fr\/#website","url":"https:\/\/excellenceriviera.realestate\/fr\/","name":"Excellence Riviera \u2013 Real Estate","description":"Luxury Real Estate in the Gulf of Saint-Tropez","publisher":{"@id":"https:\/\/excellenceriviera.realestate\/fr\/#organization"},"potentialAction":[{"@type":"SearchAction","target":{"@type":"EntryPoint","urlTemplate":"https:\/\/excellenceriviera.realestate\/fr\/?s={search_term_string}"},"query-input":{"@type":"PropertyValueSpecification","valueRequired":true,"valueName":"search_term_string"}}],"inLanguage":"fr-FR"},{"@type":"Organization","@id":"https:\/\/excellenceriviera.realestate\/fr\/#organization","name":"Excellence Riviera \u2013 Real Estate","url":"https:\/\/excellenceriviera.realestate\/fr\/","logo":{"@type":"ImageObject","inLanguage":"fr-FR","@id":"https:\/\/excellenceriviera.realestate\/fr\/#\/schema\/logo\/image\/","url":"https:\/\/excellenceriviera.realestate\/wp-content\/uploads\/2025\/11\/Logo-Excellence-Real-Estate-Mobile.png","contentUrl":"https:\/\/excellenceriviera.realestate\/wp-content\/uploads\/2025\/11\/Logo-Excellence-Real-Estate-Mobile.png","width":300,"height":63,"caption":"Excellence Riviera \u2013 Real Estate"},"image":{"@id":"https:\/\/excellenceriviera.realestate\/fr\/#\/schema\/logo\/image\/"},"sameAs":["https:\/\/www.facebook.com\/ExcellenceSaintTropez\/","https:\/\/www.instagram.com\/excellenceriviera\/","https:\/\/www.linkedin.com\/company\/excellence-riviera-courchevel\/"]}]}},"_links":{"self":[{"href":"https:\/\/excellenceriviera.realestate\/fr\/wp-json\/wp\/v2\/pages\/14787","targetHints":{"allow":["GET"]}}],"collection":[{"href":"https:\/\/excellenceriviera.realestate\/fr\/wp-json\/wp\/v2\/pages"}],"about":[{"href":"https:\/\/excellenceriviera.realestate\/fr\/wp-json\/wp\/v2\/types\/page"}],"author":[{"embeddable":true,"href":"https:\/\/excellenceriviera.realestate\/fr\/wp-json\/wp\/v2\/users\/12"}],"replies":[{"embeddable":true,"href":"https:\/\/excellenceriviera.realestate\/fr\/wp-json\/wp\/v2\/comments?post=14787"}],"version-history":[{"count":7,"href":"https:\/\/excellenceriviera.realestate\/fr\/wp-json\/wp\/v2\/pages\/14787\/revisions"}],"predecessor-version":[{"id":36331,"href":"https:\/\/excellenceriviera.realestate\/fr\/wp-json\/wp\/v2\/pages\/14787\/revisions\/36331"}],"wp:featuredmedia":[{"embeddable":true,"href":"https:\/\/excellenceriviera.realestate\/fr\/wp-json\/wp\/v2\/media\/32903"}],"wp:attachment":[{"href":"https:\/\/excellenceriviera.realestate\/fr\/wp-json\/wp\/v2\/media?parent=14787"}],"curies":[{"name":"wp","href":"https:\/\/api.w.org\/{rel}","templated":true}]}}